{"id":434,"date":"2017-08-20T22:03:28","date_gmt":"2017-08-20T22:03:28","guid":{"rendered":"http:\/\/www.marina-lodge.de\/?page_id=434"},"modified":"2018-06-11T21:40:53","modified_gmt":"2018-06-11T21:40:53","slug":"umgebungskarte","status":"publish","type":"page","link":"https:\/\/www.marina-loft.de\/index.php\/umgebungskarte\/","title":{"rendered":"Umgebungskarte"},"content":{"rendered":"<div id=\"lmm_ee277d0a\" style=\"width:100%;\" class=\"mapsmarker layermap layer-1\">\n<div id=\"lmm_panel_ee277d0a\" class=\"lmm-panel\" style=\"background:#efefef;\">\n<div id=\"lmm_panel_api_ee277d0a\" class=\"lmm-panel-api\"><\/div><div id=\"lmm_panel_text_ee277d0a\" class=\"lmm-panel-text\" style=\"font-weight:bold;color:#373737;\">Umgebungskarte<\/div>\n<\/div>\n<div id=\"lmm_map_ee277d0a\" class=\"lmm-map\" style=\"background:#f6f6f6;border:1px solid #ccc;height:480px; overflow:hidden;padding:0;\"><p style=\"font-size:80%;color:#9f9e9e;margin-left:5px;\">Karte wird geladen - bitte warten...<noscript><br\/><strong>Karte konnte nicht geladen werden - bitte aktivieren Sie Javascript!<\/strong><br\/><a style=\"text-decoration:none;\" href=\"https:\/\/www.mapsmarker.com\/js-disabled\" target=\"_blank\">&rarr; Weitere Informationen<\/a><\/noscript><\/p><\/div>\n<div id=\"lmm_geo_tags_ee277d0a_1\" class=\"lmm-geo-tags geo\">Hundestrand (Off-Season: 01.10 - 30.03 des Jahres): <span class=\"latitude\">54.662390<\/span>, <span class=\"longitude\">10.034552<\/span><\/div>\n<div id=\"lmm_geo_tags_ee277d0a_2\" class=\"lmm-geo-tags geo\">Marina Villa: <span class=\"latitude\">54.661273<\/span>, <span class=\"longitude\">10.015111<\/span><\/div>\n<div id=\"lmm_geo_tags_ee277d0a_3\" class=\"lmm-geo-tags geo\">Marina Lodge: <span class=\"latitude\">54.659336<\/span>, <span class=\"longitude\">10.027943<\/span><\/div>\n<div id=\"lmm_geo_tags_ee277d0a_4\" class=\"lmm-geo-tags geo\">Marina Loft: <span class=\"latitude\">54.660538<\/span>, <span class=\"longitude\">10.040388<\/span><\/div>\n<div id=\"lmm_geo_tags_ee277d0a_5\" class=\"lmm-geo-tags geo\">Badestrand: <span class=\"latitude\">54.657538<\/span>, <span class=\"longitude\">10.032116<\/span><\/div>\n<div id=\"lmm_geo_tags_ee277d0a_6\" class=\"lmm-geo-tags geo\">Hundestrand (01.01 - 31.12 des Jahres): <span class=\"latitude\">54.655543<\/span>, <span class=\"longitude\">10.032599<\/span><\/div>\n<div id=\"lmm_geo_tags_ee277d0a_7\" class=\"lmm-geo-tags geo\">Supermarkt (ab Sommer 2018): <span class=\"latitude\">54.659503<\/span>, <span class=\"longitude\">10.014639<\/span><\/div>\n<div id=\"lmm_geo_tags_ee277d0a_8\" class=\"lmm-geo-tags geo\">Kitestrand: <span class=\"latitude\">54.649311<\/span>, <span class=\"longitude\">10.031419<\/span><\/div>\n<div id=\"lmm_geo_tags_ee277d0a_9\" class=\"lmm-geo-tags geo\">Kitesurfing \/ Windsurfing Spot: <span class=\"latitude\">54.682669<\/span>, <span class=\"longitude\">9.995434<\/span><\/div>\n<div id=\"lmm_geo_tags_ee277d0a_10\" class=\"lmm-geo-tags geo\">Kitesurfing \/ Windsurfing Spot: <span class=\"latitude\">54.756111<\/span>, <span class=\"longitude\">9.877696<\/span><\/div>\n<div id=\"lmm_geo_tags_ee277d0a_11\" class=\"lmm-geo-tags geo\">Fahrradweg Ostsee: <span class=\"latitude\">54.654580<\/span>, <span class=\"longitude\">10.031033<\/span><\/div>\n<div id=\"lmm_geo_tags_ee277d0a_12\" class=\"lmm-geo-tags geo\">Hundestrand (01.01 - 31.12 des Jahres): <span class=\"latitude\">54.647330<\/span>, <span class=\"longitude\">10.030990<\/span><\/div>\n<div id=\"lmm_geo_tags_ee277d0a_13\" class=\"lmm-geo-tags geo\">Hundestrand (01.01 - 31.12 des Jahres): <span class=\"latitude\">54.657678<\/span>, <span class=\"longitude\">10.031955<\/span><\/div>\n<div id=\"lmm_geo_tags_ee277d0a_14\" class=\"lmm-geo-tags geo\">Hundestrand (01.10 - 30.03 des Jahres): <span class=\"latitude\">54.651874<\/span>, <span class=\"longitude\">10.031590<\/span><\/div>\n<div id=\"lmm_geo_tags_ee277d0a_15\" class=\"lmm-geo-tags geo\">Badestrand: <span class=\"latitude\">54.662623<\/span>, <span class=\"longitude\">10.033779<\/span><\/div>\n<div id=\"lmm_geo_tags_ee277d0a_16\" class=\"lmm-geo-tags geo\">Badestrand: <span class=\"latitude\">54.655350<\/span>, <span class=\"longitude\">10.032792<\/span><\/div>\n<div id=\"lmm_geo_tags_ee277d0a_17\" class=\"lmm-geo-tags geo\">Badestrand: <span class=\"latitude\">54.653249<\/span>, <span class=\"longitude\">10.031891<\/span><\/div>\n<div id=\"lmm_listmarkers_ee277d0a\" class=\"lmm-listmarkers\" style=\"width:100%;\">\n<table style=\"width:100%;\" id=\"lmm_listmarkers_table_ee277d0a\" class=\"lmm-listmarkers-table\"><tr><td class=\"lmm-listmarkers-icon\"><img decoding=\"async\" style=\"border-radius:0;box-shadow:none;\" alt=\"marker icon\" src=\"http:\/\/www.marina-loft.de\/wp-content\/uploads\/leaflet-maps-marker-icons\/zoo.png\" \/><\/td><td class=\"lmm-listmarkers-popuptext\"><div class=\"lmm-listmarkers-panel-icons\"><a href=\"https:\/\/www.bing.com\/maps\/default.aspx?v=2&rtp=pos___e_~pos.54.662390_10.034552_Auf+der+Ostsee+Schleswig-Holstein%2C+Deutschland\" target=\"_blank\" title=\"Wegbeschreibung berechnen\"><img loading=\"lazy\" decoding=\"async\" src=\"https:\/\/www.marina-loft.de\/wp-content\/plugins\/leaflet-maps-marker\/inc\/img\/icon-car.png\" width=\"14\" height=\"14\" class=\"lmm-panel-api-images\" alt=\"icon-car\" \/><\/a><\/div><span class=\"lmm-listmarkers-markername\">Hundestrand (Off-Season: 01.10 - 30.03 des Jahres)<\/span><br\/><span class=\"lmm-listmarkers-popuptext-only\"><\/span>Auf der Ostsee Schleswig-Holstein, Deutschland<\/td><\/tr><tr><td class=\"lmm-listmarkers-icon\"><img decoding=\"async\" style=\"border-radius:0;box-shadow:none;\" alt=\"marker icon\" src=\"http:\/\/www.marina-loft.de\/wp-content\/uploads\/leaflet-maps-marker-icons\/home.png\" \/><\/td><td class=\"lmm-listmarkers-popuptext\"><div class=\"lmm-listmarkers-panel-icons\"><a href=\"https:\/\/www.bing.com\/maps\/default.aspx?v=2&rtp=pos___e_~pos.54.661273_10.015111_Auf+der+Ostsee+Schleswig-Holstein%2C+Deutschland\" target=\"_blank\" title=\"Wegbeschreibung berechnen\"><img loading=\"lazy\" decoding=\"async\" src=\"https:\/\/www.marina-loft.de\/wp-content\/plugins\/leaflet-maps-marker\/inc\/img\/icon-car.png\" width=\"14\" height=\"14\" class=\"lmm-panel-api-images\" alt=\"icon-car\" \/><\/a><\/div><span class=\"lmm-listmarkers-markername\">Marina Villa<\/span><br\/><span class=\"lmm-listmarkers-popuptext-only\"><a href=\"http:\/\/www.marina-villa.de\">http:\/\/www.marina-villa.de<\/a><\/span><br\/><div class=\"lmm-listmarkers-hr\">Auf der Ostsee Schleswig-Holstein, Deutschland<\/div><\/td><\/tr><tr><td class=\"lmm-listmarkers-icon\"><img decoding=\"async\" style=\"border-radius:0;box-shadow:none;\" alt=\"marker icon\" src=\"http:\/\/www.marina-loft.de\/wp-content\/uploads\/leaflet-maps-marker-icons\/home.png\" \/><\/td><td class=\"lmm-listmarkers-popuptext\"><div class=\"lmm-listmarkers-panel-icons\"><a href=\"https:\/\/www.bing.com\/maps\/default.aspx?v=2&rtp=pos___e_~pos.54.659336_10.027943_Auf+der+Ostsee+Schleswig-Holstein%2C+Deutschland\" target=\"_blank\" title=\"Wegbeschreibung berechnen\"><img loading=\"lazy\" decoding=\"async\" src=\"https:\/\/www.marina-loft.de\/wp-content\/plugins\/leaflet-maps-marker\/inc\/img\/icon-car.png\" width=\"14\" height=\"14\" class=\"lmm-panel-api-images\" alt=\"icon-car\" \/><\/a><\/div><span class=\"lmm-listmarkers-markername\">Marina Lodge<\/span><br\/><span class=\"lmm-listmarkers-popuptext-only\"><a href=\"http:\/\/www.marina-lodge.de\">http:\/\/www.marina-lodge.de<\/a><\/span><br\/><div class=\"lmm-listmarkers-hr\">Auf der Ostsee Schleswig-Holstein, Deutschland<\/div><\/td><\/tr><tr><td class=\"lmm-listmarkers-icon\"><img decoding=\"async\" style=\"border-radius:0;box-shadow:none;\" alt=\"marker icon\" src=\"http:\/\/www.marina-loft.de\/wp-content\/uploads\/leaflet-maps-marker-icons\/home.png\" \/><\/td><td class=\"lmm-listmarkers-popuptext\"><div class=\"lmm-listmarkers-panel-icons\"><a href=\"https:\/\/www.bing.com\/maps\/default.aspx?v=2&rtp=pos___e_~pos.54.660538_10.040388_Auf+der+Ostsee+Schleswig-Holstein%2C+Deutschland\" target=\"_blank\" title=\"Wegbeschreibung berechnen\"><img loading=\"lazy\" decoding=\"async\" src=\"https:\/\/www.marina-loft.de\/wp-content\/plugins\/leaflet-maps-marker\/inc\/img\/icon-car.png\" width=\"14\" height=\"14\" class=\"lmm-panel-api-images\" alt=\"icon-car\" \/><\/a><\/div><span class=\"lmm-listmarkers-markername\">Marina Loft<\/span><br\/><span class=\"lmm-listmarkers-popuptext-only\"><a href=\"http:\/\/www.marina-loft.de\" rel=\"noopener\" target=\"_blank\">http:\/\/www.marina-loft.de<\/a><\/span><br\/><div class=\"lmm-listmarkers-hr\">Auf der Ostsee Schleswig-Holstein, Deutschland<\/div><\/td><\/tr><tr><td class=\"lmm-listmarkers-icon\"><img decoding=\"async\" style=\"border-radius:0;box-shadow:none;\" alt=\"marker icon\" src=\"http:\/\/www.marina-loft.de\/wp-content\/uploads\/leaflet-maps-marker-icons\/swimming2.png\" \/><\/td><td class=\"lmm-listmarkers-popuptext\"><div class=\"lmm-listmarkers-panel-icons\"><a href=\"https:\/\/www.bing.com\/maps\/default.aspx?v=2&rtp=pos___e_~pos.54.657538_10.032116\" target=\"_blank\" title=\"Wegbeschreibung berechnen\"><img loading=\"lazy\" decoding=\"async\" src=\"https:\/\/www.marina-loft.de\/wp-content\/plugins\/leaflet-maps-marker\/inc\/img\/icon-car.png\" width=\"14\" height=\"14\" class=\"lmm-panel-api-images\" alt=\"icon-car\" \/><\/a><\/div><span class=\"lmm-listmarkers-markername\">Badestrand<\/span><br\/><span class=\"lmm-listmarkers-popuptext-only\"><\/span><\/td><\/tr><tr><td class=\"lmm-listmarkers-icon\"><img decoding=\"async\" style=\"border-radius:0;box-shadow:none;\" alt=\"marker icon\" src=\"http:\/\/www.marina-loft.de\/wp-content\/uploads\/leaflet-maps-marker-icons\/zoo.png\" \/><\/td><td class=\"lmm-listmarkers-popuptext\"><div class=\"lmm-listmarkers-panel-icons\"><a href=\"https:\/\/www.bing.com\/maps\/default.aspx?v=2&rtp=pos___e_~pos.54.655543_10.032599_Kappeln+Schleswig-Holstein%2C+Deutschland\" target=\"_blank\" title=\"Wegbeschreibung berechnen\"><img loading=\"lazy\" decoding=\"async\" src=\"https:\/\/www.marina-loft.de\/wp-content\/plugins\/leaflet-maps-marker\/inc\/img\/icon-car.png\" width=\"14\" height=\"14\" class=\"lmm-panel-api-images\" alt=\"icon-car\" \/><\/a><\/div><span class=\"lmm-listmarkers-markername\">Hundestrand (01.01 - 31.12 des Jahres)<\/span><br\/><span class=\"lmm-listmarkers-popuptext-only\">Hundestrand ca 100-200m<\/span><br\/><div class=\"lmm-listmarkers-hr\">Kappeln Schleswig-Holstein, Deutschland<\/div><\/td><\/tr><tr><td class=\"lmm-listmarkers-icon\"><img decoding=\"async\" style=\"border-radius:0;box-shadow:none;\" alt=\"marker icon\" src=\"http:\/\/www.marina-loft.de\/wp-content\/uploads\/leaflet-maps-marker-icons\/conveniencestore.png\" \/><\/td><td class=\"lmm-listmarkers-popuptext\"><div class=\"lmm-listmarkers-panel-icons\"><a href=\"https:\/\/www.bing.com\/maps\/default.aspx?v=2&rtp=pos___e_~pos.54.659503_10.014639_Kappeln+Schleswig-Holstein%2C+Deutschland\" target=\"_blank\" title=\"Wegbeschreibung berechnen\"><img loading=\"lazy\" decoding=\"async\" src=\"https:\/\/www.marina-loft.de\/wp-content\/plugins\/leaflet-maps-marker\/inc\/img\/icon-car.png\" width=\"14\" height=\"14\" class=\"lmm-panel-api-images\" alt=\"icon-car\" \/><\/a><\/div><span class=\"lmm-listmarkers-markername\">Supermarkt (ab Sommer 2018)<\/span><br\/><span class=\"lmm-listmarkers-popuptext-only\"><\/span>Kappeln Schleswig-Holstein, Deutschland<\/td><\/tr><tr><td class=\"lmm-listmarkers-icon\"><img decoding=\"async\" style=\"border-radius:0;box-shadow:none;\" alt=\"marker icon\" src=\"http:\/\/www.marina-loft.de\/wp-content\/uploads\/leaflet-maps-marker-icons\/letter_s.png\" \/><\/td><td class=\"lmm-listmarkers-popuptext\"><div class=\"lmm-listmarkers-panel-icons\"><a href=\"https:\/\/www.bing.com\/maps\/default.aspx?v=2&rtp=pos___e_~pos.54.649311_10.031419_Kappeln+Schleswig-Holstein%2C+Deutschland\" target=\"_blank\" title=\"Wegbeschreibung berechnen\"><img loading=\"lazy\" decoding=\"async\" src=\"https:\/\/www.marina-loft.de\/wp-content\/plugins\/leaflet-maps-marker\/inc\/img\/icon-car.png\" width=\"14\" height=\"14\" class=\"lmm-panel-api-images\" alt=\"icon-car\" \/><\/a><\/div><span class=\"lmm-listmarkers-markername\">Kitestrand<\/span><br\/><span class=\"lmm-listmarkers-popuptext-only\">Kite- und Windsurf Strand Olpenitz \/ Weidefelder Strand<\/span><br\/><div class=\"lmm-listmarkers-hr\">Kappeln Schleswig-Holstein, Deutschland<\/div><\/td><\/tr><tr><td class=\"lmm-listmarkers-icon\"><img decoding=\"async\" style=\"border-radius:0;box-shadow:none;\" alt=\"marker icon\" src=\"http:\/\/www.marina-loft.de\/wp-content\/uploads\/leaflet-maps-marker-icons\/letter_s.png\" \/><\/td><td class=\"lmm-listmarkers-popuptext\"><div class=\"lmm-listmarkers-panel-icons\"><a href=\"https:\/\/www.bing.com\/maps\/default.aspx?v=2&rtp=pos___e_~pos.54.682669_9.995434_Maasholm+Schleswig-Holstein%2C+Deutschland\" target=\"_blank\" title=\"Wegbeschreibung berechnen\"><img loading=\"lazy\" decoding=\"async\" src=\"https:\/\/www.marina-loft.de\/wp-content\/plugins\/leaflet-maps-marker\/inc\/img\/icon-car.png\" width=\"14\" height=\"14\" class=\"lmm-panel-api-images\" alt=\"icon-car\" \/><\/a><\/div><span class=\"lmm-listmarkers-markername\">Kitesurfing \/ Windsurfing Spot<\/span><br\/><span class=\"lmm-listmarkers-popuptext-only\">Kite- und Windsurf Strand Maasholm<\/span><br\/><div class=\"lmm-listmarkers-hr\">Maasholm Schleswig-Holstein, Deutschland<\/div><\/td><\/tr><tr><td class=\"lmm-listmarkers-icon\"><img decoding=\"async\" style=\"border-radius:0;box-shadow:none;\" alt=\"marker icon\" src=\"http:\/\/www.marina-loft.de\/wp-content\/uploads\/leaflet-maps-marker-icons\/letter_s.png\" \/><\/td><td class=\"lmm-listmarkers-popuptext\"><div class=\"lmm-listmarkers-panel-icons\"><a href=\"https:\/\/www.bing.com\/maps\/default.aspx?v=2&rtp=pos___e_~pos.54.756111_9.877696_Gelting+Schleswig-Holstein%2C+Deutschland\" target=\"_blank\" title=\"Wegbeschreibung berechnen\"><img loading=\"lazy\" decoding=\"async\" src=\"https:\/\/www.marina-loft.de\/wp-content\/plugins\/leaflet-maps-marker\/inc\/img\/icon-car.png\" width=\"14\" height=\"14\" class=\"lmm-panel-api-images\" alt=\"icon-car\" \/><\/a><\/div><span class=\"lmm-listmarkers-markername\">Kitesurfing \/ Windsurfing Spot<\/span><br\/><span class=\"lmm-listmarkers-popuptext-only\">Kitesurfing \/ Windsurfing Spot Gelting<\/span><br\/><div class=\"lmm-listmarkers-hr\">Gelting Schleswig-Holstein, Deutschland<\/div><\/td><\/tr><tr><td colspan=\"2\" style=\"text-align:center\">Die obrige Tabelle zeigt 10 von insgesamt 17 Markern (sortiert nach  ID aufsteigend)<\/td><\/tr><\/table><\/div><\/div>\n<p>&nbsp;<\/p>\n<p>Hier sehr ihr die umliegenden Kitespots, den Hundestrand und die n\u00e4chsten Superm\u00e4rkte.<\/p>\n<p>&nbsp;<\/p>\n<p>&nbsp;<\/p>\n<div id=\"link64_adl_tabid\" style=\"display: none;\" data-url=\"http:\/\/www.marina-lodge.de\/wp-admin\/post.php?post=434&amp;action=edit\">434<\/div>\n<p>Hier habt ihr noch einen Link f\u00fcr die Anzeige der Naturschutzgebiete an der Schleim\u00fcnde, f\u00fcr Wassersportler wie Wind- und Kitesurfer, Segler, Motorbootfahrer etc. <a href=\"http:\/\/www.umweltdaten.landsh.de\/nuis\/upool\/gesamt\/bis_faltblaetter\/b_5903_schleimuendung.pdf\" target=\"_blank\" rel=\"noopener\">Einfach hier klicken<\/a><\/p>\n","protected":false},"excerpt":{"rendered":"<p>&nbsp; Hier sehr ihr die umliegenden Kitespots, den Hundestrand und die n\u00e4chsten Superm\u00e4rkte. &nbsp; &nbsp; 434 Hier habt ihr noch einen Link f\u00fcr die Anzeige der Naturschutzgebiete an der Schleim\u00fcnde, f\u00fcr Wassersportler wie Wind- und Kitesurfer, Segler, Motorbootfahrer etc. Einfach hier klicken<\/p>\n","protected":false},"author":1,"featured_media":0,"parent":0,"menu_order":7,"comment_status":"closed","ping_status":"closed","template":"","meta":{"footnotes":""},"class_list":["post-434","page","type-page","status-publish","hentry"],"yoast_head":"<!-- This site is optimized with the Yoast SEO plugin v22.3 - https:\/\/yoast.com\/wordpress\/plugins\/seo\/ -->\n<title>Umgebungskarte - Marina-Loft.de - Meerblick Wellness Ferien auf der Ostsee<\/title>\n<meta name=\"robots\" content=\"index, follow, max-snippet:-1, max-image-preview:large, max-video-preview:-1\" \/>\n<link rel=\"canonical\" href=\"https:\/\/www.marina-loft.de\/index.php\/umgebungskarte\/\" \/>\n<meta property=\"og:locale\" content=\"de_DE\" \/>\n<meta property=\"og:type\" content=\"article\" \/>\n<meta property=\"og:title\" content=\"Umgebungskarte - Marina-Loft.de - Meerblick Wellness Ferien auf der Ostsee\" \/>\n<meta property=\"og:description\" content=\"&nbsp; Hier sehr ihr die umliegenden Kitespots, den Hundestrand und die n\u00e4chsten Superm\u00e4rkte. &nbsp; &nbsp; 434 Hier habt ihr noch einen Link f\u00fcr die Anzeige der Naturschutzgebiete an der Schleim\u00fcnde, f\u00fcr Wassersportler wie Wind- und Kitesurfer, Segler, Motorbootfahrer etc. Einfach hier klicken\" \/>\n<meta property=\"og:url\" content=\"https:\/\/www.marina-loft.de\/index.php\/umgebungskarte\/\" \/>\n<meta property=\"og:site_name\" content=\"Marina-Loft.de - Meerblick Wellness Ferien auf der Ostsee\" \/>\n<meta property=\"article:modified_time\" content=\"2018-06-11T21:40:53+00:00\" \/>\n<meta name=\"twitter:card\" content=\"summary_large_image\" \/>\n<script type=\"application\/ld+json\" class=\"yoast-schema-graph\">{\"@context\":\"https:\/\/schema.org\",\"@graph\":[{\"@type\":\"WebPage\",\"@id\":\"https:\/\/www.marina-loft.de\/index.php\/umgebungskarte\/\",\"url\":\"https:\/\/www.marina-loft.de\/index.php\/umgebungskarte\/\",\"name\":\"Umgebungskarte - Marina-Loft.de - Meerblick Wellness Ferien auf der Ostsee\",\"isPartOf\":{\"@id\":\"https:\/\/www.marina-loft.de\/#website\"},\"datePublished\":\"2017-08-20T22:03:28+00:00\",\"dateModified\":\"2018-06-11T21:40:53+00:00\",\"breadcrumb\":{\"@id\":\"https:\/\/www.marina-loft.de\/index.php\/umgebungskarte\/#breadcrumb\"},\"inLanguage\":\"de\",\"potentialAction\":[{\"@type\":\"ReadAction\",\"target\":[\"https:\/\/www.marina-loft.de\/index.php\/umgebungskarte\/\"]}]},{\"@type\":\"BreadcrumbList\",\"@id\":\"https:\/\/www.marina-loft.de\/index.php\/umgebungskarte\/#breadcrumb\",\"itemListElement\":[{\"@type\":\"ListItem\",\"position\":1,\"name\":\"Startseite\",\"item\":\"https:\/\/www.marina-loft.de\/\"},{\"@type\":\"ListItem\",\"position\":2,\"name\":\"Umgebungskarte\"}]},{\"@type\":\"WebSite\",\"@id\":\"https:\/\/www.marina-loft.de\/#website\",\"url\":\"https:\/\/www.marina-loft.de\/\",\"name\":\"Marina-Loft.de - Meerblick Wellness Ferien auf der Ostsee\",\"description\":\"Urlaub machen in unserer Penthauswohnung - Meerblick und Wellness inklusive. Verbringen Sie ihre Traum Ferien auch mit Hund oder Ihrer Familie in Port Olpenitz \/ Kappeln an der Schlei\",\"potentialAction\":[{\"@type\":\"SearchAction\",\"target\":{\"@type\":\"EntryPoint\",\"urlTemplate\":\"https:\/\/www.marina-loft.de\/?s={search_term_string}\"},\"query-input\":\"required name=search_term_string\"}],\"inLanguage\":\"de\"}]}<\/script>\n<!-- \/ Yoast SEO plugin. -->","yoast_head_json":{"title":"Umgebungskarte - Marina-Loft.de - Meerblick Wellness Ferien auf der Ostsee","robots":{"index":"index","follow":"follow","max-snippet":"max-snippet:-1","max-image-preview":"max-image-preview:large","max-video-preview":"max-video-preview:-1"},"canonical":"https:\/\/www.marina-loft.de\/index.php\/umgebungskarte\/","og_locale":"de_DE","og_type":"article","og_title":"Umgebungskarte - Marina-Loft.de - Meerblick Wellness Ferien auf der Ostsee","og_description":"&nbsp; Hier sehr ihr die umliegenden Kitespots, den Hundestrand und die n\u00e4chsten Superm\u00e4rkte. &nbsp; &nbsp; 434 Hier habt ihr noch einen Link f\u00fcr die Anzeige der Naturschutzgebiete an der Schleim\u00fcnde, f\u00fcr Wassersportler wie Wind- und Kitesurfer, Segler, Motorbootfahrer etc. Einfach hier klicken","og_url":"https:\/\/www.marina-loft.de\/index.php\/umgebungskarte\/","og_site_name":"Marina-Loft.de - Meerblick Wellness Ferien auf der Ostsee","article_modified_time":"2018-06-11T21:40:53+00:00","twitter_card":"summary_large_image","schema":{"@context":"https:\/\/schema.org","@graph":[{"@type":"WebPage","@id":"https:\/\/www.marina-loft.de\/index.php\/umgebungskarte\/","url":"https:\/\/www.marina-loft.de\/index.php\/umgebungskarte\/","name":"Umgebungskarte - Marina-Loft.de - Meerblick Wellness Ferien auf der Ostsee","isPartOf":{"@id":"https:\/\/www.marina-loft.de\/#website"},"datePublished":"2017-08-20T22:03:28+00:00","dateModified":"2018-06-11T21:40:53+00:00","breadcrumb":{"@id":"https:\/\/www.marina-loft.de\/index.php\/umgebungskarte\/#breadcrumb"},"inLanguage":"de","potentialAction":[{"@type":"ReadAction","target":["https:\/\/www.marina-loft.de\/index.php\/umgebungskarte\/"]}]},{"@type":"BreadcrumbList","@id":"https:\/\/www.marina-loft.de\/index.php\/umgebungskarte\/#breadcrumb","itemListElement":[{"@type":"ListItem","position":1,"name":"Startseite","item":"https:\/\/www.marina-loft.de\/"},{"@type":"ListItem","position":2,"name":"Umgebungskarte"}]},{"@type":"WebSite","@id":"https:\/\/www.marina-loft.de\/#website","url":"https:\/\/www.marina-loft.de\/","name":"Marina-Loft.de - Meerblick Wellness Ferien auf der Ostsee","description":"Urlaub machen in unserer Penthauswohnung - Meerblick und Wellness inklusive. Verbringen Sie ihre Traum Ferien auch mit Hund oder Ihrer Familie in Port Olpenitz \/ Kappeln an der Schlei","potentialAction":[{"@type":"SearchAction","target":{"@type":"EntryPoint","urlTemplate":"https:\/\/www.marina-loft.de\/?s={search_term_string}"},"query-input":"required name=search_term_string"}],"inLanguage":"de"}]}},"_links":{"self":[{"href":"https:\/\/www.marina-loft.de\/index.php\/wp-json\/wp\/v2\/pages\/434","targetHints":{"allow":["GET"]}}],"collection":[{"href":"https:\/\/www.marina-loft.de\/index.php\/wp-json\/wp\/v2\/pages"}],"about":[{"href":"https:\/\/www.marina-loft.de\/index.php\/wp-json\/wp\/v2\/types\/page"}],"author":[{"embeddable":true,"href":"https:\/\/www.marina-loft.de\/index.php\/wp-json\/wp\/v2\/users\/1"}],"replies":[{"embeddable":true,"href":"https:\/\/www.marina-loft.de\/index.php\/wp-json\/wp\/v2\/comments?post=434"}],"version-history":[{"count":2,"href":"https:\/\/www.marina-loft.de\/index.php\/wp-json\/wp\/v2\/pages\/434\/revisions"}],"predecessor-version":[{"id":699,"href":"https:\/\/www.marina-loft.de\/index.php\/wp-json\/wp\/v2\/pages\/434\/revisions\/699"}],"wp:attachment":[{"href":"https:\/\/www.marina-loft.de\/index.php\/wp-json\/wp\/v2\/media?parent=434"}],"curies":[{"name":"wp","href":"https:\/\/api.w.org\/{rel}","templated":true}]}}