{"id":82,"date":"2018-05-25T00:44:13","date_gmt":"2018-05-25T00:44:13","guid":{"rendered":"http:\/\/www.villa-olpenitz.de\/marina-lodge\/?page_id=82"},"modified":"2018-06-11T21:40:10","modified_gmt":"2018-06-11T21:40:10","slug":"impressum","status":"publish","type":"page","link":"https:\/\/www.marina-loft.de\/index.php\/impressum\/","title":{"rendered":"Impressum"},"content":{"rendered":"<p><strong>Impressum<\/strong><\/p>\n<p>Gesetzliche Anbieterkennung:<\/p>\n<p><strong>Marina Ferien Online Vermarktung Ltd<br \/>\nSorento\/Glacis<br \/>\nP.O.Box 1525<br \/>\nVictoria \/ Mah\u00e8 &#8211; Seychellen<\/strong><\/p>\n<p>Telefon:\u00a0 +49 (0)30-610900 71148<br \/>\nE-Mail:\u00a0 impressum@marina-loft.de<strong><br \/>\n<\/strong><\/p>\n<p><strong>Alternative Streitbeilegung:<\/strong><br \/>\nDie Europ\u00e4ische Kommission stellt eine Plattform f\u00fcr die au\u00dfergerichtliche Online-Streitbeilegung (OS-Plattform) bereit, aufrufbar unter <a href=\"https:\/\/ec.europa.eu\/odr\" target=\"_blank\" rel=\"noopener\">https:\/\/ec.europa.eu\/odr<\/a>.<\/p>\n","protected":false},"excerpt":{"rendered":"<p>Impressum Gesetzliche Anbieterkennung: Marina Ferien Online Vermarktung Ltd Sorento\/Glacis P.O.Box 1525 Victoria \/ Mah\u00e8 &#8211; Seychellen Telefon:\u00a0 +49 (0)30-610900 71148 E-Mail:\u00a0 impressum@marina-loft.de Alternative Streitbeilegung: Die Europ\u00e4ische Kommission stellt eine Plattform f\u00fcr die au\u00dfergerichtliche Online-Streitbeilegung (OS-Plattform) bereit, aufrufbar unter https:\/\/ec.europa.eu\/odr.<\/p>\n","protected":false},"author":1,"featured_media":0,"parent":0,"menu_order":15,"comment_status":"closed","ping_status":"closed","template":"","meta":{"footnotes":""},"class_list":["post-82","page","type-page","status-publish","hentry"],"yoast_head":"<!-- This site is optimized with the Yoast SEO plugin v22.3 - https:\/\/yoast.com\/wordpress\/plugins\/seo\/ -->\n<title>Impressum - Marina-Loft.de - Meerblick Wellness Ferien auf der Ostsee<\/title>\n<meta name=\"robots\" content=\"index, follow, max-snippet:-1, max-image-preview:large, max-video-preview:-1\" \/>\n<link rel=\"canonical\" href=\"https:\/\/www.marina-loft.de\/index.php\/impressum\/\" \/>\n<meta property=\"og:locale\" content=\"de_DE\" \/>\n<meta property=\"og:type\" content=\"article\" \/>\n<meta property=\"og:title\" content=\"Impressum - Marina-Loft.de - Meerblick Wellness Ferien auf der Ostsee\" \/>\n<meta property=\"og:description\" content=\"Impressum Gesetzliche Anbieterkennung: Marina Ferien Online Vermarktung Ltd Sorento\/Glacis P.O.Box 1525 Victoria \/ Mah\u00e8 &#8211; Seychellen Telefon:\u00a0 +49 (0)30-610900 71148 E-Mail:\u00a0 impressum@marina-loft.de Alternative Streitbeilegung: Die Europ\u00e4ische Kommission stellt eine Plattform f\u00fcr die au\u00dfergerichtliche Online-Streitbeilegung (OS-Plattform) bereit, aufrufbar unter https:\/\/ec.europa.eu\/odr.\" \/>\n<meta property=\"og:url\" content=\"https:\/\/www.marina-loft.de\/index.php\/impressum\/\" \/>\n<meta property=\"og:site_name\" content=\"Marina-Loft.de - Meerblick Wellness Ferien auf der Ostsee\" \/>\n<meta property=\"article:modified_time\" content=\"2018-06-11T21:40:10+00:00\" \/>\n<meta name=\"twitter:card\" content=\"summary_large_image\" \/>\n<script type=\"application\/ld+json\" class=\"yoast-schema-graph\">{\"@context\":\"https:\/\/schema.org\",\"@graph\":[{\"@type\":\"WebPage\",\"@id\":\"https:\/\/www.marina-loft.de\/index.php\/impressum\/\",\"url\":\"https:\/\/www.marina-loft.de\/index.php\/impressum\/\",\"name\":\"Impressum - Marina-Loft.de - Meerblick Wellness Ferien auf der Ostsee\",\"isPartOf\":{\"@id\":\"https:\/\/www.marina-loft.de\/#website\"},\"datePublished\":\"2018-05-25T00:44:13+00:00\",\"dateModified\":\"2018-06-11T21:40:10+00:00\",\"breadcrumb\":{\"@id\":\"https:\/\/www.marina-loft.de\/index.php\/impressum\/#breadcrumb\"},\"inLanguage\":\"de\",\"potentialAction\":[{\"@type\":\"ReadAction\",\"target\":[\"https:\/\/www.marina-loft.de\/index.php\/impressum\/\"]}]},{\"@type\":\"BreadcrumbList\",\"@id\":\"https:\/\/www.marina-loft.de\/index.php\/impressum\/#breadcrumb\",\"itemListElement\":[{\"@type\":\"ListItem\",\"position\":1,\"name\":\"Startseite\",\"item\":\"https:\/\/www.marina-loft.de\/\"},{\"@type\":\"ListItem\",\"position\":2,\"name\":\"Impressum\"}]},{\"@type\":\"WebSite\",\"@id\":\"https:\/\/www.marina-loft.de\/#website\",\"url\":\"https:\/\/www.marina-loft.de\/\",\"name\":\"Marina-Loft.de - Meerblick Wellness Ferien auf der Ostsee\",\"description\":\"Urlaub machen in unserer Penthauswohnung - Meerblick und Wellness inklusive. Verbringen Sie ihre Traum Ferien auch mit Hund oder Ihrer Familie in Port Olpenitz \/ Kappeln an der Schlei\",\"potentialAction\":[{\"@type\":\"SearchAction\",\"target\":{\"@type\":\"EntryPoint\",\"urlTemplate\":\"https:\/\/www.marina-loft.de\/?s={search_term_string}\"},\"query-input\":\"required name=search_term_string\"}],\"inLanguage\":\"de\"}]}<\/script>\n<!-- \/ Yoast SEO plugin. -->","yoast_head_json":{"title":"Impressum - Marina-Loft.de - Meerblick Wellness Ferien auf der Ostsee","robots":{"index":"index","follow":"follow","max-snippet":"max-snippet:-1","max-image-preview":"max-image-preview:large","max-video-preview":"max-video-preview:-1"},"canonical":"https:\/\/www.marina-loft.de\/index.php\/impressum\/","og_locale":"de_DE","og_type":"article","og_title":"Impressum - Marina-Loft.de - Meerblick Wellness Ferien auf der Ostsee","og_description":"Impressum Gesetzliche Anbieterkennung: Marina Ferien Online Vermarktung Ltd Sorento\/Glacis P.O.Box 1525 Victoria \/ Mah\u00e8 &#8211; Seychellen Telefon:\u00a0 +49 (0)30-610900 71148 E-Mail:\u00a0 impressum@marina-loft.de Alternative Streitbeilegung: Die Europ\u00e4ische Kommission stellt eine Plattform f\u00fcr die au\u00dfergerichtliche Online-Streitbeilegung (OS-Plattform) bereit, aufrufbar unter https:\/\/ec.europa.eu\/odr.","og_url":"https:\/\/www.marina-loft.de\/index.php\/impressum\/","og_site_name":"Marina-Loft.de - Meerblick Wellness Ferien auf der Ostsee","article_modified_time":"2018-06-11T21:40:10+00:00","twitter_card":"summary_large_image","schema":{"@context":"https:\/\/schema.org","@graph":[{"@type":"WebPage","@id":"https:\/\/www.marina-loft.de\/index.php\/impressum\/","url":"https:\/\/www.marina-loft.de\/index.php\/impressum\/","name":"Impressum - Marina-Loft.de - Meerblick Wellness Ferien auf der Ostsee","isPartOf":{"@id":"https:\/\/www.marina-loft.de\/#website"},"datePublished":"2018-05-25T00:44:13+00:00","dateModified":"2018-06-11T21:40:10+00:00","breadcrumb":{"@id":"https:\/\/www.marina-loft.de\/index.php\/impressum\/#breadcrumb"},"inLanguage":"de","potentialAction":[{"@type":"ReadAction","target":["https:\/\/www.marina-loft.de\/index.php\/impressum\/"]}]},{"@type":"BreadcrumbList","@id":"https:\/\/www.marina-loft.de\/index.php\/impressum\/#breadcrumb","itemListElement":[{"@type":"ListItem","position":1,"name":"Startseite","item":"https:\/\/www.marina-loft.de\/"},{"@type":"ListItem","position":2,"name":"Impressum"}]},{"@type":"WebSite","@id":"https:\/\/www.marina-loft.de\/#website","url":"https:\/\/www.marina-loft.de\/","name":"Marina-Loft.de - Meerblick Wellness Ferien auf der Ostsee","description":"Urlaub machen in unserer Penthauswohnung - Meerblick und Wellness inklusive. Verbringen Sie ihre Traum Ferien auch mit Hund oder Ihrer Familie in Port Olpenitz \/ Kappeln an der Schlei","potentialAction":[{"@type":"SearchAction","target":{"@type":"EntryPoint","urlTemplate":"https:\/\/www.marina-loft.de\/?s={search_term_string}"},"query-input":"required name=search_term_string"}],"inLanguage":"de"}]}},"_links":{"self":[{"href":"https:\/\/www.marina-loft.de\/index.php\/wp-json\/wp\/v2\/pages\/82","targetHints":{"allow":["GET"]}}],"collection":[{"href":"https:\/\/www.marina-loft.de\/index.php\/wp-json\/wp\/v2\/pages"}],"about":[{"href":"https:\/\/www.marina-loft.de\/index.php\/wp-json\/wp\/v2\/types\/page"}],"author":[{"embeddable":true,"href":"https:\/\/www.marina-loft.de\/index.php\/wp-json\/wp\/v2\/users\/1"}],"replies":[{"embeddable":true,"href":"https:\/\/www.marina-loft.de\/index.php\/wp-json\/wp\/v2\/comments?post=82"}],"version-history":[{"count":2,"href":"https:\/\/www.marina-loft.de\/index.php\/wp-json\/wp\/v2\/pages\/82\/revisions"}],"predecessor-version":[{"id":760,"href":"https:\/\/www.marina-loft.de\/index.php\/wp-json\/wp\/v2\/pages\/82\/revisions\/760"}],"wp:attachment":[{"href":"https:\/\/www.marina-loft.de\/index.php\/wp-json\/wp\/v2\/media?parent=82"}],"curies":[{"name":"wp","href":"https:\/\/api.w.org\/{rel}","templated":true}]}}